{"id":608,"date":"2018-10-19T12:12:56","date_gmt":"2018-10-19T11:12:56","guid":{"rendered":"http:\/\/amedeo.elated-themes.com\/?page_id=608"},"modified":"2023-03-23T20:18:49","modified_gmt":"2023-03-23T23:18:49","slug":"maria-carolina-caliman","status":"publish","type":"page","link":"https:\/\/mariacarolinacaliman.com.br\/","title":{"rendered":"Maria Carolina Caliman | Psic\u00f3loga"},"content":{"rendered":"<p>[vc_row css=&#8221;.vc_custom_1542113091535{padding-top: 60px !important;padding-bottom: 60px !important;padding-left: 8% !important;}&#8221;][vc_column css=&#8221;.vc_custom_1539955127967{margin-top: 0px !important;border-left-width: 1px !important;padding-top: 0px !important;border-left-color: #000000 !important;border-left-style: solid !important;}&#8221; offset=&#8221;vc_col-lg-4 vc_col-md-12&#8243;]<div class=\"eltdf-elements-holder   eltdf-one-column  eltdf-responsive-mode-768 \" ><div class=\"eltdf-eh-item    \"  data-item-class=\"eltdf-eh-custom-6750\" data-1367-1600=\"0 0 25px 30px\" data-1025-1366=\"0 0 25px 30px\" data-680=\"0px 0 25px 25px\">\n\t<div class=\"eltdf-eh-item-inner\">\n\t\t<div class=\"eltdf-eh-item-content eltdf-eh-custom-6750\" style=\"padding: 0px 0 25px 40px\">\n\t\t\t[vc_column_text]<\/p>\n<h6 style=\"padding: 6px 0px;\">Psic\u00f3loga Cl\u00ednica<br \/>\nCRP 16\/2150<\/h6>\n<p>[\/vc_column_text]\t\t<\/div>\n\t<\/div>\n<\/div><\/div>[\/vc_column][vc_column css=&#8221;.vc_custom_1539955118437{margin-top: 0px !important;border-left-width: 1px !important;padding-top: 0px !important;border-left-color: #000000 !important;border-left-style: solid !important;}&#8221; offset=&#8221;vc_col-lg-4 vc_col-md-12&#8243;]<div class=\"eltdf-elements-holder   eltdf-one-column  eltdf-responsive-mode-768 \" ><div class=\"eltdf-eh-item    \"  data-item-class=\"eltdf-eh-custom-8499\" data-1367-1600=\"26px 0 40px 30px\" data-1025-1366=\"14px 0 39px 30px\" data-680=\"26px 0 40px 25px\">\n\t<div class=\"eltdf-eh-item-inner\">\n\t\t<div class=\"eltdf-eh-item-content eltdf-eh-custom-8499\" style=\"padding: 23px 0 40px 40px\">\n\t\t\t[vc_column_text]<\/p>\n<h6><a href=\"https:\/\/whatsa.me\/5527995052929\/?t=Ol%C3%A1,%20vim%20do%20site%20e%20gostaria%20de%20agendar%20uma%20consulta.\">Agendar uma consulta via WhatsApp<\/a><\/h6>\n<p>[\/vc_column_text]\t\t<\/div>\n\t<\/div>\n<\/div><\/div>[\/vc_column][vc_column css=&#8221;.vc_custom_1539955211618{margin-top: 0px !important;border-left-width: 1px !important;padding-top: 0px !important;border-left-color: #000000 !important;border-left-style: solid !important;}&#8221; offset=&#8221;vc_col-lg-4 vc_col-md-12&#8243;]<div class=\"eltdf-elements-holder   eltdf-one-column  eltdf-responsive-mode-768 \" ><div class=\"eltdf-eh-item    \"  data-item-class=\"eltdf-eh-custom-8616\" data-1367-1600=\"11px 0 37px 30px\" data-1025-1366=\"11px 0 37px 30px\" data-680=\"11px 0 37px 25px\">\n\t<div class=\"eltdf-eh-item-inner\">\n\t\t<div class=\"eltdf-eh-item-content eltdf-eh-custom-8616\" style=\"padding: 23px 0 37px 40px\">\n\t\t\t[vc_column_text]<\/p>\n<h6><a href=\"https:\/\/www.google.com\/maps\/place\/Maria+Carolina+Caliman+Psicologia+Especializada\/@-19.4022209,-40.0678752,15z\/data=!4m2!3m1!1s0x0:0x79ec1cdba247fc9a?sa=X&amp;ved=2ahUKEwjooNX93_D9AhUdO7kGHWt1Cq0Q_BJ6BAhJEAc\">Laguna Center Torre B Sala 504<\/a><\/h6>\n<p>[\/vc_column_text]\t\t<\/div>\n\t<\/div>\n<\/div><\/div>[\/vc_column][\/vc_row][vc_row row_content_width=&#8221;grid&#8221; css=&#8221;.vc_custom_1679579731769{padding-top: 50px !important;padding-bottom: 50px !important;}&#8221; simple_background_color=&#8221;#f4f4f4&#8243;][vc_column width=&#8221;2\/3&#8243;][vc_column_text css=&#8221;.vc_custom_1679598844227{padding-top: 90px !important;}&#8221;]<\/p>\n<h4 style=\"color: #917828; text-align: justify; line-height: 30px;\"><strong>SOBRE MIM<\/strong><\/h4>\n<h5 style=\"color: #917828; text-align: justify; line-height: 30px;\">Sou formada na Faculdade de Ci\u00eancias Aplicadas Sagrado Cora\u00e7\u00e3o no ano de 2007, p\u00f3s graduada em Terapia cognitivo Comportamental e em Preven\u00e7\u00e3o de suic\u00eddio. Sou apaixonada por comportamento humano e por cuidar de pessoas.<\/h5>\n<h5 style=\"color: #917828; text-align: justify; line-height: 30px;\">A psicologia cl\u00ednica est\u00e1 enraizada em mim, me d\u00e1 sentido, me d\u00e1 entusiasmo. Entendo que a minha voca\u00e7\u00e3o para essa \u00e1rea da sa\u00fade mental precede minha forma\u00e7\u00e3o acad\u00eamica, pois para mim ser psic\u00f3loga \u00e9 um dos prop\u00f3sitos da minha vida e isso me motiva todos os dias a estudar, me especializar e buscar conhecimento cient\u00edfico para fornecer ao meu paciente mais qualidade de vida e equil\u00edbrio emocional.<\/h5>\n<p>[\/vc_column_text][\/vc_column][vc_column width=&#8221;1\/3&#8243;][vc_gallery interval=&#8221;3&#8243; images=&#8221;5034,5611,5603&#8243; img_size=&#8221;440&#215;587&#8243; onclick=&#8221;&#8221;][\/vc_column][\/vc_row][vc_row row_content_width=&#8221;grid&#8221; content_text_aligment=&#8221;center&#8221; css=&#8221;.vc_custom_1679579785864{padding-top: 50px !important;padding-bottom: 40px !important;}&#8221; simple_background_color=&#8221;#eaeaea&#8221;][vc_column width=&#8221;1\/5&#8243;]<div class=\"eltdf-iwt clearfix  eltdf-iwt-icon-top eltdf-iwt-icon-medium\">\n    <div class=\"eltdf-iwt-icon\">\n\t\t\t\t\t\t\t\t\t    <span class=\"eltdf-icon-shortcode eltdf-normal   eltdf-icon-medium\"  >\n                    <i class=\"eltdf-icon-linea-icon icon-basic-notebook-pencil eltdf-icon-element\" style=\"\" ><\/i>            <\/span>\n\t\t\t\t\t\t    <\/div>\n    <div class=\"eltdf-iwt-content\" >\n\t\t        <h5        class=\"eltdf-iwt-title\" >\n\t\t            <span class=\"eltdf-iwt-title-text\">Psicologia cl\u00ednica<\/span>\n\t\t\t    <\/h5>\n\t\t        <div class=\"eltdf-iwt-text\" style=\"margin-top: 15px\">Uma \u00e1rea dentro da psicologia que visa ajudar as pessoas a trabalhar n\u00e3o apenas dist\u00farbios e traumas, mas tamb\u00e9m o autoconhecimento e emo\u00e7\u00f5es disfuncionais, promovendo assim maior qualidade de vida.<\/div>\n\t<\/div>\n<\/div>[\/vc_column][vc_column width=&#8221;1\/5&#8243;]<div class=\"eltdf-iwt clearfix  eltdf-iwt-icon-top eltdf-iwt-icon-medium\">\n    <div class=\"eltdf-iwt-icon\">\n\t\t\t\t\t\t\t\t\t    <span class=\"eltdf-icon-shortcode eltdf-normal   eltdf-icon-medium\"  >\n                    <i class=\"eltdf-icon-linea-icon icon-basic-message-multiple eltdf-icon-element\" style=\"\" ><\/i>            <\/span>\n\t\t\t\t\t\t    <\/div>\n    <div class=\"eltdf-iwt-content\" >\n\t\t        <h5        class=\"eltdf-iwt-title\" >\n\t\t            <span class=\"eltdf-iwt-title-text\">Terapia Cognitivo Comportamental<\/span>\n\t\t\t    <\/h5>\n\t\t        <div class=\"eltdf-iwt-text\" style=\"margin-top: 15px\">\u00c9 uma abordagem estruturada, estabelecida a partir da colabora\u00e7\u00e3o entre terapeuta e paciente.<\/div>\n\t<\/div>\n<\/div>[\/vc_column][vc_column width=&#8221;1\/5&#8243;]<div class=\"eltdf-iwt clearfix  eltdf-iwt-icon-top eltdf-iwt-icon-medium\">\n    <div class=\"eltdf-iwt-icon\">\n\t\t\t\t\t\t\t\t\t    <span class=\"eltdf-icon-shortcode eltdf-normal   eltdf-icon-medium\"  >\n                    <i class=\"eltdf-icon-linea-icon icon-basic-heart-broken eltdf-icon-element\" style=\"\" ><\/i>            <\/span>\n\t\t\t\t\t\t    <\/div>\n    <div class=\"eltdf-iwt-content\" >\n\t\t        <h5        class=\"eltdf-iwt-title\" >\n\t\t            <span class=\"eltdf-iwt-title-text\">Especialista em Preven\u00e7\u00e3o de Suic\u00eddio<\/span>\n\t\t\t    <\/h5>\n\t\t        <div class=\"eltdf-iwt-text\" style=\"margin-top: 15px\">Entender a manifesta\u00e7\u00e3o de alguns transtornos \u00e9 de grande import\u00e2ncia para evitar hip\u00f3teses equivocadas.<\/div>\n\t<\/div>\n<\/div>[\/vc_column][vc_column width=&#8221;1\/5&#8243;]<div class=\"eltdf-iwt clearfix  eltdf-iwt-icon-top eltdf-iwt-icon-medium\">\n    <div class=\"eltdf-iwt-icon\">\n\t\t\t\t\t\t\t\t\t    <span class=\"eltdf-icon-shortcode eltdf-normal   eltdf-icon-medium\"  >\n                    <span aria-hidden=\"true\" class=\"eltdf-icon-linear-icons lnr lnr-user eltdf-icon-element\" style=\"font-size:35px\" ><\/span>            <\/span>\n\t\t\t\t\t\t    <\/div>\n    <div class=\"eltdf-iwt-content\" >\n\t\t        <h5        class=\"eltdf-iwt-title\" style=\"margin-top: 8px\">\n\t\t            <span class=\"eltdf-iwt-title-text\">Adolescentes e adultos<\/span>\n\t\t\t    <\/h5>\n\t\t        <div class=\"eltdf-iwt-text\" style=\"margin-top: 15px\">Atendimento especializado para adolescentes e adultos.<\/div>\n\t<\/div>\n<\/div>[\/vc_column][vc_column width=&#8221;1\/5&#8243;]<div class=\"eltdf-iwt clearfix  eltdf-iwt-icon-top eltdf-iwt-icon-medium\">\n    <div class=\"eltdf-iwt-icon\">\n\t\t\t\t\t\t\t\t\t    <span class=\"eltdf-icon-shortcode eltdf-normal   eltdf-icon-medium\"  >\n                    <i class=\"eltdf-icon-linea-icon icon-basic-home eltdf-icon-element\" style=\"font-size:35px\" ><\/i>            <\/span>\n\t\t\t\t\t\t    <\/div>\n    <div class=\"eltdf-iwt-content\" >\n\t\t        <h5        class=\"eltdf-iwt-title\" style=\"margin-top: 8px\">\n\t\t            <span class=\"eltdf-iwt-title-text\">Atendimentos presenciais e online<\/span>\n\t\t\t    <\/h5>\n\t\t        <div class=\"eltdf-iwt-text\" style=\"margin-top: 15px\">O paciente pode ser atendido no consult\u00f3rio, projetado para oferecer o m\u00e1ximo de conforto, bem estar e seguran\u00e7a, ou virtualmente com a mesma qualidade e sigilo.<\/div>\n\t<\/div>\n<\/div>[\/vc_column][\/vc_row][vc_row css=&#8221;.vc_custom_1679579780769{padding-top: 20px !important;padding-right: 8% !important;padding-bottom: 50px !important;padding-left: 8% !important;background-position: center !important;background-repeat: no-repeat !important;background-size: contain !important;}&#8221; simple_background_color=&#8221;#f4f4f4&#8243;][vc_column width=&#8221;1\/2&#8243; css=&#8221;.vc_custom_1542295982222{background-position: center !important;background-repeat: no-repeat !important;background-size: contain !important;}&#8221;][vc_single_image image=&#8221;5586&#8243; img_size=&#8221;full&#8221;][\/vc_column][vc_column width=&#8221;1\/2&#8243;][vc_single_image image=&#8221;5587&#8243; img_size=&#8221;full&#8221;][\/vc_column][\/vc_row][vc_row row_content_width=&#8221;grid&#8221; css=&#8221;.vc_custom_1679580366667{padding-right: 8% !important;padding-left: 8% !important;background-position: center !important;background-repeat: no-repeat !important;background-size: contain !important;}&#8221; simple_background_color=&#8221;#e4e3e8&#8243;][vc_column width=&#8221;1\/2&#8243; css=&#8221;.vc_custom_1679577676832{background-position: center !important;background-repeat: no-repeat !important;background-size: contain !important;}&#8221;][vc_column_text css=&#8221;.vc_custom_1679598886859{padding-top: 80px !important;}&#8221;]<\/p>\n<h4><strong>A import\u00e2ncia da terapia<\/strong><\/h4>\n<h5 style=\"text-align: justify; line-height: 30px;\">Neste ambiente ultra-acelerado, a nossa sa\u00fade mental \u00e9 facilmente afetada por uma quantidade consider\u00e1vel de est\u00edmulos. A fragilidade dos relacionamentos interpessoais devido \u00e0 correria e a competitividade do mercado de trabalho sobrecarregam o nosso emocional.<\/h5>\n<h5 style=\"text-align: justify; line-height: 30px;\">As terapias servem para que a pessoa consiga lidar de uma melhor forma com as suas quest\u00f5es emocionais, principalmente as quest\u00f5es emocionais que tiveram grande impacto em sua vida.<\/h5>\n<p>[\/vc_column_text][\/vc_column][vc_column width=&#8221;1\/2&#8243;][vc_single_image image=&#8221;5599&#8243; img_size=&#8221;full&#8221; css=&#8221;.vc_custom_1679580391234{margin-top: -35px !important;}&#8221;][\/vc_column][\/vc_row][vc_row row_content_width=&#8221;grid&#8221; css=&#8221;.vc_custom_1679579827121{margin-bottom: 60px !important;padding-top: 30px !important;padding-right: 8% !important;padding-bottom: 20px !important;padding-left: 8% !important;background-position: center !important;background-repeat: no-repeat !important;background-size: contain !important;}&#8221;][vc_column css=&#8221;.vc_custom_1679577676832{background-position: center !important;background-repeat: no-repeat !important;background-size: contain !important;}&#8221;]<div class=\"eltdf-section-title-holder  eltdf-st-standard eltdf-st-title-left eltdf-st-normal-space \" style=\"text-align: center\">\n\t<div class=\"eltdf-st-inner\">\n\t\t\t\t\t<h4 class=\"eltdf-st-title\" >\n\t\t\t\tO que os pacientes dizem\t\t\t<\/h4>\n\t\t\t\t\t<\/div>\n<\/div><div class=\"eltdf-section-title-holder  eltdf-st-standard eltdf-st-title-left eltdf-st-normal-space \" style=\"text-align: center\">\n\t<div class=\"eltdf-st-inner\">\n\t\t\t\t\t<\/div>\n<\/div><div class=\"eltdf-testimonials-holder clearfix\">\n    <span class=\"quote-sign\">\n       \u201c\n    <\/span> <!-- \/#qote-sign -->\n    <div class=\"eltdf-testimonials eltdf-owl-slider\" data-number-of-items=\"1\" data-enable-loop=\"yes\" data-enable-autoplay=\"yes\" data-slider-speed=\"5000\" data-slider-speed-animation=\"600\" data-enable-navigation=\"no\" data-enable-pagination=\"yes\" >\n\t\t\n\t\t\n                <div class=\"eltdf-testimonial-content\" id=\"eltdf-testimonials-5623\">\n                    <div class=\"eltdf-testimonial-text-holder\">\n\t\t\t\t\t\t\n\t\t\t\t\t\t                            <p class=\"eltdf-testimonial-text\">&quot;Poder compartilhar essa jornada de auto conhecimento com a Carol, tem sido transformador. Me sinto acolhida e com as minhas emo\u00e7\u00f5es  respeitadas, sobretudo me sinto humana perante a forma como ela conduz nossas sess\u00f5es. A sua vis\u00e3o cheia de empatia, nos faz acreditar que um novo caminho \u00e9 poss\u00edvel, independente do que esteja nos aflingindo. O seu profissionalismo, alinhado ao seu conhecimento s\u00e3o os seus diferenciais.&quot;<\/p>\n\t\t\t\t\t\t\t\t\t\t\t\t                            <p class=\"eltdf-testimonial-author\">\n                                <span class=\"eltdf-testimonials-author-name\">- Bruna V.<\/span>\n\t\t\t\t\t\t\t\t                                    <span class=\"eltdf-testimonials-author-job\">Paciente<\/span>\n\t\t\t\t\t\t\t\t                            <\/p>\n\t\t\t\t\t\t                    <\/div>\n\t\t\t\t\t                <\/div>\n\t\t\t\t\n\t\t\t\t\n                <div class=\"eltdf-testimonial-content\" id=\"eltdf-testimonials-210\">\n                    <div class=\"eltdf-testimonial-text-holder\">\n\t\t\t\t\t\t\n\t\t\t\t\t\t                            <p class=\"eltdf-testimonial-text\">\u201cProcurei a Carol devido \u00e0 um evento traum\u00e1tico na minha vida e j\u00e1 na primeira sess\u00e3o ela me forneceu as ferramentas que eu precisava para lidar com a situa\u00e7\u00e3o da melhor forma poss\u00edvel. Com o passar das sess\u00f5es tive certeza que fiz a escolha certa ao escolhe-la como psic\u00f3loga.\u201d<\/p>\n\t\t\t\t\t\t\t\t\t\t\t\t                            <p class=\"eltdf-testimonial-author\">\n                                <span class=\"eltdf-testimonials-author-name\">- Caroline V.<\/span>\n\t\t\t\t\t\t\t\t                                    <span class=\"eltdf-testimonials-author-job\">Paciente<\/span>\n\t\t\t\t\t\t\t\t                            <\/p>\n\t\t\t\t\t\t                    <\/div>\n\t\t\t\t\t                <\/div>\n\t\t\t\t\n\t\t\t\t\n                <div class=\"eltdf-testimonial-content\" id=\"eltdf-testimonials-208\">\n                    <div class=\"eltdf-testimonial-text-holder\">\n\t\t\t\t\t\t\n\t\t\t\t\t\t                            <p class=\"eltdf-testimonial-text\">\u201cA Carol \u00e9 uma excelente profissional. Tem um cora\u00e7\u00e3o gigante, acolhedor e cheio de amor.  Sabe exercer sua profiss\u00e3o com excel\u00eancia e muita humanidade. Com seu apoio e acompanhamento tenho conseguido abra\u00e7ar as oportunidades pra crescer e me livrar de meus medos e frustra\u00e7\u00f5es.  Assim tenho me permitido desenvolver minha autoestima, me conhecer mais, me cuidar mais, ser melhor com os outros e controlar minha ansiedade.\u201d<\/p>\n\t\t\t\t\t\t\t\t\t\t\t\t                            <p class=\"eltdf-testimonial-author\">\n                                <span class=\"eltdf-testimonials-author-name\">- Keila A.<\/span>\n\t\t\t\t\t\t\t\t                                    <span class=\"eltdf-testimonials-author-job\">Paciente<\/span>\n\t\t\t\t\t\t\t\t                            <\/p>\n\t\t\t\t\t\t                    <\/div>\n\t\t\t\t\t                <\/div>\n\t\t\t\t\n\t\t\t\t\n                <div class=\"eltdf-testimonial-content\" id=\"eltdf-testimonials-150\">\n                    <div class=\"eltdf-testimonial-text-holder\">\n\t\t\t\t\t\t\n\t\t\t\t\t\t                            <p class=\"eltdf-testimonial-text\">\u201cSou m\u00e3e de uma paciente,e gostaria de externar meus mais sinceros agradecimentos a psic\u00f3loga Maria Carolina Caliman,que com amor ,paci\u00eancia e empatia acolheu a minha filha no momento em que ela mais precisava. Hoje posso afirmar que seu cuidado, dedica\u00e7\u00e3o e entrega  para com a minha filha ,meu bem mais precioso,fizeram e ainda est\u00e1 fazendo total diferen\u00e7a na vida dela. Obrigada pela parceria e por todas as transforma\u00e7\u00f5es alcan\u00e7adas at\u00e9 aqui.\u201d<\/p>\n\t\t\t\t\t\t\t\t\t\t\t\t                            <p class=\"eltdf-testimonial-author\">\n                                <span class=\"eltdf-testimonials-author-name\">- Moana P.<\/span>\n\t\t\t\t\t\t\t\t                                    <span class=\"eltdf-testimonials-author-job\">M\u00e3e de uma paciente<\/span>\n\t\t\t\t\t\t\t\t                            <\/p>\n\t\t\t\t\t\t                    <\/div>\n\t\t\t\t\t                <\/div>\n\t\t\t\t\n\t\t\t\t\n    <\/div>\n<\/div>[\/vc_column][\/vc_row]<\/p>\n","protected":false},"excerpt":{"rendered":"<p>[vc_row css=&#8221;.vc_custom_1542113091535{padding-top: 60px !important;padding-bottom: 60px !important;padding-left: 8% !important;}&#8221;][vc_column css=&#8221;.vc_custom_1539955127967{margin-top: 0px !important;border-left-width: 1px !important;padding-top: 0px !important;border-left-color: #000000 !important;border-left-style: solid !important;}&#8221; offset=&#8221;vc_col-lg-4 vc_col-md-12&#8243;][\/vc_column][vc_column css=&#8221;.vc_custom_1539955118437{margin-top: 0px !important;border-left-width: 1px !important;padding-top: 0px !important;border-left-color: #000000 !important;border-left-style: solid !important;}&#8221; offset=&#8221;vc_col-lg-4 vc_col-md-12&#8243;][\/vc_column][vc_column css=&#8221;.vc_custom_1539955211618{margin-top: 0px !important;border-left-width: 1px !important;padding-top: 0px [&hellip;]<\/p>\n","protected":false},"author":1,"featured_media":0,"parent":0,"menu_order":0,"comment_status":"closed","ping_status":"closed","template":"full-width.php","meta":{"footnotes":""},"class_list":["post-608","page","type-page","status-publish","hentry"],"_links":{"self":[{"href":"https:\/\/mariacarolinacaliman.com.br\/index.php\/wp-json\/wp\/v2\/pages\/608","targetHints":{"allow":["GET"]}}],"collection":[{"href":"https:\/\/mariacarolinacaliman.com.br\/index.php\/wp-json\/wp\/v2\/pages"}],"about":[{"href":"https:\/\/mariacarolinacaliman.com.br\/index.php\/wp-json\/wp\/v2\/types\/page"}],"author":[{"embeddable":true,"href":"https:\/\/mariacarolinacaliman.com.br\/index.php\/wp-json\/wp\/v2\/users\/1"}],"replies":[{"embeddable":true,"href":"https:\/\/mariacarolinacaliman.com.br\/index.php\/wp-json\/wp\/v2\/comments?post=608"}],"version-history":[{"count":36,"href":"https:\/\/mariacarolinacaliman.com.br\/index.php\/wp-json\/wp\/v2\/pages\/608\/revisions"}],"predecessor-version":[{"id":5622,"href":"https:\/\/mariacarolinacaliman.com.br\/index.php\/wp-json\/wp\/v2\/pages\/608\/revisions\/5622"}],"wp:attachment":[{"href":"https:\/\/mariacarolinacaliman.com.br\/index.php\/wp-json\/wp\/v2\/media?parent=608"}],"curies":[{"name":"wp","href":"https:\/\/api.w.org\/{rel}","templated":true}]}}