{"id":1801,"date":"2018-10-25T15:04:01","date_gmt":"2018-10-25T14:04:01","guid":{"rendered":"http:\/\/amedeo.elated-themes.com\/?page_id=1801"},"modified":"2018-10-25T15:04:01","modified_gmt":"2018-10-25T14:04:01","slug":"testimonials","status":"publish","type":"page","link":"https:\/\/mariacarolinacaliman.com.br\/index.php\/elements\/testimonials\/","title":{"rendered":"Testimonials"},"content":{"rendered":"<p>[vc_row row_content_width=&#8221;grid&#8221; css=&#8221;.vc_custom_1540987718272{padding-top: 93px !important;padding-bottom: 109px !important;}&#8221;][vc_column]<div class=\"eltdf-testimonials-holder clearfix\">\n    <span class=\"quote-sign\">\n       \u201c\n    <\/span> <!-- \/#qote-sign -->\n    <div class=\"eltdf-testimonials eltdf-owl-slider\" data-number-of-items=\"1\" data-enable-loop=\"yes\" data-enable-autoplay=\"yes\" data-slider-speed=\"5000\" data-slider-speed-animation=\"600\" data-enable-navigation=\"no\" data-enable-pagination=\"yes\" >\n\t\t\n\t\t\n                <div class=\"eltdf-testimonial-content\" id=\"eltdf-testimonials-5623\">\n                    <div class=\"eltdf-testimonial-text-holder\">\n\t\t\t\t\t\t\n\t\t\t\t\t\t                            <p class=\"eltdf-testimonial-text\">&quot;Poder compartilhar essa jornada de auto conhecimento com a Carol, tem sido transformador. Me sinto acolhida e com as minhas emo\u00e7\u00f5es  respeitadas, sobretudo me sinto humana perante a forma como ela conduz nossas sess\u00f5es. A sua vis\u00e3o cheia de empatia, nos faz acreditar que um novo caminho \u00e9 poss\u00edvel, independente do que esteja nos aflingindo. O seu profissionalismo, alinhado ao seu conhecimento s\u00e3o os seus diferenciais.&quot;<\/p>\n\t\t\t\t\t\t\t\t\t\t\t\t                            <p class=\"eltdf-testimonial-author\">\n                                <span class=\"eltdf-testimonials-author-name\">- Bruna V.<\/span>\n\t\t\t\t\t\t\t\t                                    <span class=\"eltdf-testimonials-author-job\">Paciente<\/span>\n\t\t\t\t\t\t\t\t                            <\/p>\n\t\t\t\t\t\t                    <\/div>\n\t\t\t\t\t                <\/div>\n\t\t\t\t\n\t\t\t\t\n                <div class=\"eltdf-testimonial-content\" id=\"eltdf-testimonials-210\">\n                    <div class=\"eltdf-testimonial-text-holder\">\n\t\t\t\t\t\t\n\t\t\t\t\t\t                            <p class=\"eltdf-testimonial-text\">\u201cProcurei a Carol devido \u00e0 um evento traum\u00e1tico na minha vida e j\u00e1 na primeira sess\u00e3o ela me forneceu as ferramentas que eu precisava para lidar com a situa\u00e7\u00e3o da melhor forma poss\u00edvel. Com o passar das sess\u00f5es tive certeza que fiz a escolha certa ao escolhe-la como psic\u00f3loga.\u201d<\/p>\n\t\t\t\t\t\t\t\t\t\t\t\t                            <p class=\"eltdf-testimonial-author\">\n                                <span class=\"eltdf-testimonials-author-name\">- Caroline V.<\/span>\n\t\t\t\t\t\t\t\t                                    <span class=\"eltdf-testimonials-author-job\">Paciente<\/span>\n\t\t\t\t\t\t\t\t                            <\/p>\n\t\t\t\t\t\t                    <\/div>\n\t\t\t\t\t                <\/div>\n\t\t\t\t\n\t\t\t\t\n                <div class=\"eltdf-testimonial-content\" id=\"eltdf-testimonials-208\">\n                    <div class=\"eltdf-testimonial-text-holder\">\n\t\t\t\t\t\t\n\t\t\t\t\t\t                            <p class=\"eltdf-testimonial-text\">\u201cA Carol \u00e9 uma excelente profissional. Tem um cora\u00e7\u00e3o gigante, acolhedor e cheio de amor.  Sabe exercer sua profiss\u00e3o com excel\u00eancia e muita humanidade. Com seu apoio e acompanhamento tenho conseguido abra\u00e7ar as oportunidades pra crescer e me livrar de meus medos e frustra\u00e7\u00f5es.  Assim tenho me permitido desenvolver minha autoestima, me conhecer mais, me cuidar mais, ser melhor com os outros e controlar minha ansiedade.\u201d<\/p>\n\t\t\t\t\t\t\t\t\t\t\t\t                            <p class=\"eltdf-testimonial-author\">\n                                <span class=\"eltdf-testimonials-author-name\">- Keila A.<\/span>\n\t\t\t\t\t\t\t\t                                    <span class=\"eltdf-testimonials-author-job\">Paciente<\/span>\n\t\t\t\t\t\t\t\t                            <\/p>\n\t\t\t\t\t\t                    <\/div>\n\t\t\t\t\t                <\/div>\n\t\t\t\t\n\t\t\t\t\n                <div class=\"eltdf-testimonial-content\" id=\"eltdf-testimonials-150\">\n                    <div class=\"eltdf-testimonial-text-holder\">\n\t\t\t\t\t\t\n\t\t\t\t\t\t                            <p class=\"eltdf-testimonial-text\">\u201cSou m\u00e3e de uma paciente,e gostaria de externar meus mais sinceros agradecimentos a psic\u00f3loga Maria Carolina Caliman,que com amor ,paci\u00eancia e empatia acolheu a minha filha no momento em que ela mais precisava. Hoje posso afirmar que seu cuidado, dedica\u00e7\u00e3o e entrega  para com a minha filha ,meu bem mais precioso,fizeram e ainda est\u00e1 fazendo total diferen\u00e7a na vida dela. Obrigada pela parceria e por todas as transforma\u00e7\u00f5es alcan\u00e7adas at\u00e9 aqui.\u201d<\/p>\n\t\t\t\t\t\t\t\t\t\t\t\t                            <p class=\"eltdf-testimonial-author\">\n                                <span class=\"eltdf-testimonials-author-name\">- Moana P.<\/span>\n\t\t\t\t\t\t\t\t                                    <span class=\"eltdf-testimonials-author-job\">M\u00e3e de uma paciente<\/span>\n\t\t\t\t\t\t\t\t                            <\/p>\n\t\t\t\t\t\t                    <\/div>\n\t\t\t\t\t                <\/div>\n\t\t\t\t\n\t\t\t\t\n    <\/div>\n<\/div>[\/vc_column][\/vc_row][vc_row row_content_width=&#8221;grid&#8221; css=&#8221;.vc_custom_1540987837547{padding-top: 120px !important;padding-bottom: 109px !important;}&#8221; simple_background_color=&#8221;#f9f7f5&#8243;][vc_column offset=&#8221;vc_col-lg-12 vc_col-md-12&#8243;]<div class=\"eltdf-testimonials-holder clearfix\">\n    <span class=\"quote-sign\">\n       \u201c\n    <\/span> <!-- \/#qote-sign -->\n    <div class=\"eltdf-testimonials eltdf-owl-slider\" data-number-of-items=\"1\" data-enable-loop=\"yes\" data-enable-autoplay=\"yes\" data-slider-speed=\"5000\" data-slider-speed-animation=\"600\" data-enable-navigation=\"no\" data-enable-pagination=\"yes\" >\n\t\t\n\t\t\n                <div class=\"eltdf-testimonial-content\" id=\"eltdf-testimonials-5623\">\n                    <div class=\"eltdf-testimonial-text-holder\">\n\t\t\t\t\t\t\n\t\t\t\t\t\t                            <p class=\"eltdf-testimonial-text\">&quot;Poder compartilhar essa jornada de auto conhecimento com a Carol, tem sido transformador. Me sinto acolhida e com as minhas emo\u00e7\u00f5es  respeitadas, sobretudo me sinto humana perante a forma como ela conduz nossas sess\u00f5es. A sua vis\u00e3o cheia de empatia, nos faz acreditar que um novo caminho \u00e9 poss\u00edvel, independente do que esteja nos aflingindo. O seu profissionalismo, alinhado ao seu conhecimento s\u00e3o os seus diferenciais.&quot;<\/p>\n\t\t\t\t\t\t\t\t\t\t\t\t                            <p class=\"eltdf-testimonial-author\">\n                                <span class=\"eltdf-testimonials-author-name\">- Bruna V.<\/span>\n\t\t\t\t\t\t\t\t                                    <span class=\"eltdf-testimonials-author-job\">Paciente<\/span>\n\t\t\t\t\t\t\t\t                            <\/p>\n\t\t\t\t\t\t                    <\/div>\n\t\t\t\t\t                <\/div>\n\t\t\t\t\n\t\t\t\t\n                <div class=\"eltdf-testimonial-content\" id=\"eltdf-testimonials-210\">\n                    <div class=\"eltdf-testimonial-text-holder\">\n\t\t\t\t\t\t\n\t\t\t\t\t\t                            <p class=\"eltdf-testimonial-text\">\u201cProcurei a Carol devido \u00e0 um evento traum\u00e1tico na minha vida e j\u00e1 na primeira sess\u00e3o ela me forneceu as ferramentas que eu precisava para lidar com a situa\u00e7\u00e3o da melhor forma poss\u00edvel. Com o passar das sess\u00f5es tive certeza que fiz a escolha certa ao escolhe-la como psic\u00f3loga.\u201d<\/p>\n\t\t\t\t\t\t\t\t\t\t\t\t                            <p class=\"eltdf-testimonial-author\">\n                                <span class=\"eltdf-testimonials-author-name\">- Caroline V.<\/span>\n\t\t\t\t\t\t\t\t                                    <span class=\"eltdf-testimonials-author-job\">Paciente<\/span>\n\t\t\t\t\t\t\t\t                            <\/p>\n\t\t\t\t\t\t                    <\/div>\n\t\t\t\t\t                <\/div>\n\t\t\t\t\n\t\t\t\t\n                <div class=\"eltdf-testimonial-content\" id=\"eltdf-testimonials-208\">\n                    <div class=\"eltdf-testimonial-text-holder\">\n\t\t\t\t\t\t\n\t\t\t\t\t\t                            <p class=\"eltdf-testimonial-text\">\u201cA Carol \u00e9 uma excelente profissional. Tem um cora\u00e7\u00e3o gigante, acolhedor e cheio de amor.  Sabe exercer sua profiss\u00e3o com excel\u00eancia e muita humanidade. Com seu apoio e acompanhamento tenho conseguido abra\u00e7ar as oportunidades pra crescer e me livrar de meus medos e frustra\u00e7\u00f5es.  Assim tenho me permitido desenvolver minha autoestima, me conhecer mais, me cuidar mais, ser melhor com os outros e controlar minha ansiedade.\u201d<\/p>\n\t\t\t\t\t\t\t\t\t\t\t\t                            <p class=\"eltdf-testimonial-author\">\n                                <span class=\"eltdf-testimonials-author-name\">- Keila A.<\/span>\n\t\t\t\t\t\t\t\t                                    <span class=\"eltdf-testimonials-author-job\">Paciente<\/span>\n\t\t\t\t\t\t\t\t                            <\/p>\n\t\t\t\t\t\t                    <\/div>\n\t\t\t\t\t                <\/div>\n\t\t\t\t\n\t\t\t\t\n                <div class=\"eltdf-testimonial-content\" id=\"eltdf-testimonials-150\">\n                    <div class=\"eltdf-testimonial-text-holder\">\n\t\t\t\t\t\t\n\t\t\t\t\t\t                            <p class=\"eltdf-testimonial-text\">\u201cSou m\u00e3e de uma paciente,e gostaria de externar meus mais sinceros agradecimentos a psic\u00f3loga Maria Carolina Caliman,que com amor ,paci\u00eancia e empatia acolheu a minha filha no momento em que ela mais precisava. Hoje posso afirmar que seu cuidado, dedica\u00e7\u00e3o e entrega  para com a minha filha ,meu bem mais precioso,fizeram e ainda est\u00e1 fazendo total diferen\u00e7a na vida dela. Obrigada pela parceria e por todas as transforma\u00e7\u00f5es alcan\u00e7adas at\u00e9 aqui.\u201d<\/p>\n\t\t\t\t\t\t\t\t\t\t\t\t                            <p class=\"eltdf-testimonial-author\">\n                                <span class=\"eltdf-testimonials-author-name\">- Moana P.<\/span>\n\t\t\t\t\t\t\t\t                                    <span class=\"eltdf-testimonials-author-job\">M\u00e3e de uma paciente<\/span>\n\t\t\t\t\t\t\t\t                            <\/p>\n\t\t\t\t\t\t                    <\/div>\n\t\t\t\t\t                <\/div>\n\t\t\t\t\n\t\t\t\t\n    <\/div>\n<\/div>[\/vc_column][\/vc_row]<\/p>\n","protected":false},"excerpt":{"rendered":"<p>[vc_row row_content_width=&#8221;grid&#8221; css=&#8221;.vc_custom_1540987718272{padding-top: 93px !important;padding-bottom: 109px !important;}&#8221;][vc_column][\/vc_column][\/vc_row][vc_row row_content_width=&#8221;grid&#8221; css=&#8221;.vc_custom_1540987837547{padding-top: 120px !important;padding-bottom: 109px !important;}&#8221; simple_background_color=&#8221;#f9f7f5&#8243;][vc_column offset=&#8221;vc_col-lg-12 vc_col-md-12&#8243;][\/vc_column][\/vc_row]<\/p>\n","protected":false},"author":1,"featured_media":0,"parent":239,"menu_order":0,"comment_status":"closed","ping_status":"closed","template":"full-width.php","meta":{"footnotes":""},"class_list":["post-1801","page","type-page","status-publish","hentry"],"_links":{"self":[{"href":"https:\/\/mariacarolinacaliman.com.br\/index.php\/wp-json\/wp\/v2\/pages\/1801","targetHints":{"allow":["GET"]}}],"collection":[{"href":"https:\/\/mariacarolinacaliman.com.br\/index.php\/wp-json\/wp\/v2\/pages"}],"about":[{"href":"https:\/\/mariacarolinacaliman.com.br\/index.php\/wp-json\/wp\/v2\/types\/page"}],"author":[{"embeddable":true,"href":"https:\/\/mariacarolinacaliman.com.br\/index.php\/wp-json\/wp\/v2\/users\/1"}],"replies":[{"embeddable":true,"href":"https:\/\/mariacarolinacaliman.com.br\/index.php\/wp-json\/wp\/v2\/comments?post=1801"}],"version-history":[{"count":0,"href":"https:\/\/mariacarolinacaliman.com.br\/index.php\/wp-json\/wp\/v2\/pages\/1801\/revisions"}],"up":[{"embeddable":true,"href":"https:\/\/mariacarolinacaliman.com.br\/index.php\/wp-json\/wp\/v2\/pages\/239"}],"wp:attachment":[{"href":"https:\/\/mariacarolinacaliman.com.br\/index.php\/wp-json\/wp\/v2\/media?parent=1801"}],"curies":[{"name":"wp","href":"https:\/\/api.w.org\/{rel}","templated":true}]}}